{"id":182,"date":"2012-10-10T23:00:18","date_gmt":"2012-10-10T21:00:18","guid":{"rendered":"http:\/\/www.gaj-osiedle.wroclaw.pl\/?page_id=182"},"modified":"2025-03-13T12:10:07","modified_gmt":"2025-03-13T11:10:07","slug":"kontakt-2","status":"publish","type":"page","link":"https:\/\/online.tvk-gaj.pl\/?page_id=182","title":{"rendered":"Kontakt"},"content":{"rendered":"<p><strong>Rada Osiedla Gaj<\/strong><\/p>\n<p><a href=\"http:\/\/www.tvk-gaj.pl\/~gajonline\/wp-content\/uploads\/2018\/09\/ro.jpg\"><img loading=\"lazy\" decoding=\"async\" class=\"size-full wp-image-10275 alignleft\" src=\"http:\/\/www.tvk-gaj.pl\/~gajonline\/wp-content\/uploads\/2018\/09\/ro.jpg\" alt=\"\" width=\"432\" height=\"168\" srcset=\"https:\/\/online.tvk-gaj.pl\/wp-content\/uploads\/2018\/09\/ro.jpg 432w, https:\/\/online.tvk-gaj.pl\/wp-content\/uploads\/2018\/09\/ro-300x117.jpg 300w, https:\/\/online.tvk-gaj.pl\/wp-content\/uploads\/2018\/09\/ro-430x168.jpg 430w\" sizes=\"auto, (max-width: 432px) 100vw, 432px\" \/><\/a><\/p>\n<p>Adres: ul. Krynicka 80, 50-555 Wroc\u0142aw<\/p>\n<p>Telefon do Rady Osiedla Gaj: (71) 373 15 50.<\/p>\n<p>Telefon do Przewodnicz\u0105cego Rady Osiedla Adama Wojtaszewskiego: 502 034 044<\/p>\n<p>Email:\u00a0gaj@osiedla.wroclaw.pl<\/p>\n<p>Siedziba:<\/p>\n<p><img loading=\"lazy\" decoding=\"async\" class=\"alignnone size-medium wp-image-15137\" src=\"http:\/\/www.tvk-gaj.pl\/~gajonline\/wp-content\/uploads\/2025\/03\/obraz_2025-03-13_120112676-300x272.png\" alt=\"\" width=\"300\" height=\"272\" srcset=\"https:\/\/online.tvk-gaj.pl\/wp-content\/uploads\/2025\/03\/obraz_2025-03-13_120112676-300x272.png 300w, https:\/\/online.tvk-gaj.pl\/wp-content\/uploads\/2025\/03\/obraz_2025-03-13_120112676.png 641w\" sizes=\"auto, (max-width: 300px) 100vw, 300px\" \/><\/p>\n<p><strong>Kontakt z Rad\u0105 Osiedla Gaj<\/strong><\/p>\n<p>Zapraszamy na dy\u017cury w Radzie Osiedla Gaj w ka\u017cdy czwartek w godzinach od 18 do 20.<\/p>\n<p>Ponadto zach\u0119camy do kontaktu mailowego oraz poprzez nasz profil na portalu Facebook!<\/p>\n<p><img loading=\"lazy\" decoding=\"async\" class=\"alignnone  wp-image-15143\" src=\"http:\/\/www.tvk-gaj.pl\/~gajonline\/wp-content\/uploads\/2025\/03\/pobrany-plik.jpg\" alt=\"\" width=\"42\" height=\"40\" srcset=\"https:\/\/online.tvk-gaj.pl\/wp-content\/uploads\/2025\/03\/pobrany-plik.jpg 188w, https:\/\/online.tvk-gaj.pl\/wp-content\/uploads\/2025\/03\/pobrany-plik-184x177.jpg 184w\" sizes=\"auto, (max-width: 42px) 100vw, 42px\" \/><a href=\"https:\/\/www.facebook.com\/osiedlegaj\">https:\/\/www.facebook.com\/osiedlegaj<\/a><\/p>\n<p><strong>Strona internetowa GajOnline<\/strong><\/p>\n<p>Administrator strony: Tomasz Nawrot<\/p>\n<p><a href=\"http:\/\/www.tvk-gaj.pl\/~gajonline\/wp-content\/uploads\/2018\/09\/374_fit512-1-500x333-400x266.jpg\"><img loading=\"lazy\" decoding=\"async\" class=\"alignleft wp-image-10274\" src=\"http:\/\/www.tvk-gaj.pl\/~gajonline\/wp-content\/uploads\/2018\/09\/374_fit512-1-500x333-400x266.jpg\" alt=\"\" width=\"300\" height=\"200\" srcset=\"https:\/\/online.tvk-gaj.pl\/wp-content\/uploads\/2018\/09\/374_fit512-1-500x333-400x266.jpg 400w, https:\/\/online.tvk-gaj.pl\/wp-content\/uploads\/2018\/09\/374_fit512-1-500x333-400x266-300x200.jpg 300w, https:\/\/online.tvk-gaj.pl\/wp-content\/uploads\/2018\/09\/374_fit512-1-500x333-400x266-321x214.jpg 321w, https:\/\/online.tvk-gaj.pl\/wp-content\/uploads\/2018\/09\/374_fit512-1-500x333-400x266-140x94.jpg 140w\" sizes=\"auto, (max-width: 300px) 100vw, 300px\" \/><\/a><\/p>\n","protected":false},"excerpt":{"rendered":"<p>Rada Osiedla Gaj Adres: ul. Krynicka 80, 50-555 Wroc\u0142aw Telefon do Rady Osiedla Gaj: (71) 373 15 50. Telefon do Przewodnicz\u0105cego Rady Osiedla Adama Wojtaszewskiego: 502 034 044 Email:\u00a0gaj@osiedla.wroclaw.pl Siedziba: Kontakt z Rad\u0105 Osiedla Gaj Zapraszamy na dy\u017cury w Radzie Osiedla Gaj w ka\u017cdy czwartek w godzinach od 18 do 20. Ponadto zach\u0119camy do kontaktu [&hellip;]<\/p>\n","protected":false},"author":1,"featured_media":0,"parent":0,"menu_order":0,"comment_status":"open","ping_status":"open","template":"","meta":{"footnotes":""},"class_list":["post-182","page","type-page","status-publish","hentry"],"_links":{"self":[{"href":"https:\/\/online.tvk-gaj.pl\/index.php?rest_route=\/wp\/v2\/pages\/182","targetHints":{"allow":["GET"]}}],"collection":[{"href":"https:\/\/online.tvk-gaj.pl\/index.php?rest_route=\/wp\/v2\/pages"}],"about":[{"href":"https:\/\/online.tvk-gaj.pl\/index.php?rest_route=\/wp\/v2\/types\/page"}],"author":[{"embeddable":true,"href":"https:\/\/online.tvk-gaj.pl\/index.php?rest_route=\/wp\/v2\/users\/1"}],"replies":[{"embeddable":true,"href":"https:\/\/online.tvk-gaj.pl\/index.php?rest_route=%2Fwp%2Fv2%2Fcomments&post=182"}],"version-history":[{"count":33,"href":"https:\/\/online.tvk-gaj.pl\/index.php?rest_route=\/wp\/v2\/pages\/182\/revisions"}],"predecessor-version":[{"id":15144,"href":"https:\/\/online.tvk-gaj.pl\/index.php?rest_route=\/wp\/v2\/pages\/182\/revisions\/15144"}],"wp:attachment":[{"href":"https:\/\/online.tvk-gaj.pl\/index.php?rest_route=%2Fwp%2Fv2%2Fmedia&parent=182"}],"curies":[{"name":"wp","href":"https:\/\/api.w.org\/{rel}","templated":true}]}}